{"id":4833,"date":"2022-01-28T17:10:22","date_gmt":"2022-01-28T16:10:22","guid":{"rendered":"https:\/\/arw.typke-it.de\/ueber-arwinger\/"},"modified":"2025-10-07T12:41:03","modified_gmt":"2025-10-07T10:41:03","slug":"about-arwinger","status":"publish","type":"page","link":"https:\/\/arw.typke-it.de\/en\/about-arwinger\/","title":{"rendered":"About Arwinger"},"content":{"rendered":"<div id='layer_slider_1'  class='avia-layerslider main_color avia-shadow  avia-builder-el-0  el_before_av_section  avia-builder-el-first  container_wrap sidebar_right'  style='height: 651px; max-width: 1280px; margin: 0 auto;'  ><\/div>\n<div id='av_section_1'  class='avia-section av-q4ydy-726d91bafb105314dea5bb61d545dad9 main_color avia-section-default avia-no-border-styling  avia-builder-el-1  el_after_av_layerslider  el_before_av_layout_row  avia-bg-style-scroll container_wrap sidebar_right'  ><div class='container av-section-cont-open' ><div class='template-page content  av-content-small alpha units'><div class='post-entry post-entry-type-page post-entry-4833'><div class='entry-content-wrapper clearfix'>\n\n<style type=\"text\/css\" data-created_by=\"avia_inline_auto\" id=\"style-css-av-ko8gebvl-2237b6208eb252b9a089c4232516194d\">\n#top .av-special-heading.av-ko8gebvl-2237b6208eb252b9a089c4232516194d{\npadding-bottom:40px;\n}\nbody .av-special-heading.av-ko8gebvl-2237b6208eb252b9a089c4232516194d .av-special-heading-tag .heading-char{\nfont-size:25px;\n}\n.av-special-heading.av-ko8gebvl-2237b6208eb252b9a089c4232516194d .av-subheading{\nfont-size:15px;\n}\n<\/style>\n<div  class='av-special-heading av-ko8gebvl-2237b6208eb252b9a089c4232516194d av-special-heading-h2 blockquote modern-quote modern-centered  avia-builder-el-2  el_before_av_one_half  avia-builder-el-first '><h2 class='av-special-heading-tag '  itemprop=\"headline\"  >Good ideas professionally realised<\/h2><div class=\"special-heading-border\"><div class=\"special-heading-inner-border\"><\/div><\/div><\/div>\n\n<style type=\"text\/css\" data-created_by=\"avia_inline_auto\" id=\"style-css-av-29mfi-cad1996f9efde88c8da88907efd43411\">\n#top .flex_column.av-29mfi-cad1996f9efde88c8da88907efd43411{\nmargin-top:0px;\nmargin-bottom:0px;\n}\n.flex_column.av-29mfi-cad1996f9efde88c8da88907efd43411{\nborder-radius:0px 0px 0px 0px;\npadding:0px 0px 0px 0px;\n}\n.responsive #top #wrap_all .flex_column.av-29mfi-cad1996f9efde88c8da88907efd43411{\nmargin-top:0px;\nmargin-bottom:0px;\n}\n<\/style>\n<div  class='flex_column av-29mfi-cad1996f9efde88c8da88907efd43411 av_one_half  avia-builder-el-3  el_after_av_heading  el_before_av_one_half  first av-break-at-tablet flex_column_div av-zero-column-padding  '     ><style type=\"text\/css\" data-created_by=\"avia_inline_auto\" id=\"style-css-av-ko8pfdcd-0b77e25b6ae71155929189fe8bab808d\">\n#top .av_textblock_section.av-ko8pfdcd-0b77e25b6ae71155929189fe8bab808d .avia_textblock{\ncolor:#000000;\n}\n<\/style>\n<section  class='av_textblock_section av-ko8pfdcd-0b77e25b6ae71155929189fe8bab808d '   itemscope=\"itemscope\" itemtype=\"https:\/\/schema.org\/CreativeWork\" ><div class='avia_textblock av_inherit_color'  itemprop=\"text\" ><p>Arwinger Caravaning is a Hamburg-based start-up that was founded in the spring of 2021 with the idea of converting box vans into high-quality, thoughtfully designed campervans At our production facility in Hamburg, we designed and manufactured the Arwinger campervans \u2018Johann Torn\u2019 and \u2018De Grote Johann Torn\u2019 as small series production, in modular construction.<\/p>\n<p>During the initial conception of the conversions, an idea was born that quickly developed into the company&#8217;s second mainstay: Arwinger invented the cassette separation toilet and developed a conversion set for converting chemical cassette toilets to a separation toilet with cassette. The interest in the Arwinger CassetteSeparationToilet has been and continues to be overwhelming. In the summer of 2023, the decision was therefore made to focus the company&#8217;s capacities entirely on the development, production and marketing of cassette separation toilets and to discontinue vehicle construction.<\/p>\n<\/div><\/section><\/div>\n<style type=\"text\/css\" data-created_by=\"avia_inline_auto\" id=\"style-css-av-ebe66-359c741ecb90498a0d33849723b4bfcd\">\n#top .flex_column.av-ebe66-359c741ecb90498a0d33849723b4bfcd{\nmargin-top:0px;\nmargin-bottom:0px;\n}\n.flex_column.av-ebe66-359c741ecb90498a0d33849723b4bfcd{\nborder-radius:0px 0px 0px 0px;\npadding:0px 0px 0px 0px;\n}\n.responsive #top #wrap_all .flex_column.av-ebe66-359c741ecb90498a0d33849723b4bfcd{\nmargin-top:0px;\nmargin-bottom:0px;\n}\n<\/style>\n<div  class='flex_column av-ebe66-359c741ecb90498a0d33849723b4bfcd av_one_half  avia-builder-el-5  el_after_av_one_half  avia-builder-el-last  av-break-at-tablet flex_column_div av-zero-column-padding  '     ><p>\n<style type=\"text\/css\" data-created_by=\"avia_inline_auto\" id=\"style-css-av-ko4dzwzd-5e9b9234a7cc92ba0a1c9899613537a2\">\n#top .av_textblock_section.av-ko4dzwzd-5e9b9234a7cc92ba0a1c9899613537a2 .avia_textblock{\ncolor:#000000;\n}\n<\/style>\n<section  class='av_textblock_section av-ko4dzwzd-5e9b9234a7cc92ba0a1c9899613537a2 '   itemscope=\"itemscope\" itemtype=\"https:\/\/schema.org\/CreativeWork\" ><div class='avia_textblock second-text-block av_inherit_color'  itemprop=\"text\" ><p>Arwinger was founded by Sven Mahn, who is not only a passionate camper and converts vehicles in his spare time, but also runs an IT company. Sven Mahn IT is a consulting and development partner for Microsoft Dynamics 365 ERP. Due to its proximity to the IT world, Arwinger has been built from the ground up with the highest degree of digital support. We use the latest methodologies and innovative technologies to optimise construction, production processes, documentation and collaboration with our suppliers. In addition to Dynamics 365 and Azure DevOps, we also use hardware such as HoloLens and Surface Hub.<\/p>\n<\/div><\/section><br \/>\n<div  class='avia-logo-element-container av-lx1zf0s6-4bdb1a1027b9a1c2d889163e805980f9 av-border-deactivate avia-logo-grid avia-content-slider avia-smallarrow-slider avia-content-grid-active noHover avia-content-slider-odd  avia-builder-el-7  el_after_av_textblock  avia-builder-el-last  partner-logo avia-content-slider1' ><div class='avia-smallarrow-slider-heading '><div class='new-special-heading'><h3 class='av-logo-special-heading-text '>We are member of NetSan<\/h3><\/div><\/div><div class=\"avia-content-slider-inner\"><div class=\"slide-entry-wrap\"><div  class='slide-entry av-av_partner_logo-3a8cff54c3721e1efaf83e028d8f020d flex_column no_margin av_fullwidth real-thumbnail post-entry slide-entry-overview slide-loop-1 slide-parity-odd post-entry-last first'><img decoding=\"async\" fetchpriority=\"high\" width=\"520\" height=\"136\" src=\"https:\/\/arw.typke-it.de\/wp-content\/uploads\/2024\/06\/Netsan.jpg\" class=\"wp-image-6353 avia-img-lazy-loading-not-6353 attachment-no scaling size-no scaling\" alt=\"\" srcset=\"https:\/\/arw.typke-it.de\/wp-content\/uploads\/2024\/06\/Netsan.jpg 520w, https:\/\/arw.typke-it.de\/wp-content\/uploads\/2024\/06\/Netsan-300x78.jpg 300w\" sizes=\"(max-width: 520px) 100vw, 520px\" \/><\/div><\/div><\/div><\/div><\/p><\/div><\/div><\/div><\/div><!-- close content main div --><\/div><\/div><div id='av-layout-grid-1'  class='av-layout-grid-container av-446fr3-626b44abcf05dfc4f579c7303963d5fe entry-content-wrapper main_color av-flex-cells  avia-builder-el-8  el_after_av_section  el_before_av_section  grid-row-not-first  container_wrap sidebar_right'  >\n\n<style type=\"text\/css\" data-created_by=\"avia_inline_auto\" id=\"style-css-av-ks7cf945-a62a2cfdcf5aaff1e23d4c84c192168a\">\n.flex_cell.av-ks7cf945-a62a2cfdcf5aaff1e23d4c84c192168a{\nvertical-align:middle;\nheight:350px;\nmin-height:350px;\nbackground:url(https:\/\/arw.typke-it.de\/wp-content\/uploads\/2022\/09\/masonry-markise.jpg) 50% 100% no-repeat scroll ;\n}\n.responsive #top #wrap_all .flex_cell.av-ks7cf945-a62a2cfdcf5aaff1e23d4c84c192168a{\npadding:30px 30px 30px 30px !important;\n}\n<\/style>\n<div class='flex_cell av-ks7cf945-a62a2cfdcf5aaff1e23d4c84c192168a av-gridrow-cell av_one_half no_margin  avia-builder-el-9  el_before_av_cell_one_half  avia-builder-el-first  cell-bg-img content-align-middle avia-full-stretch'  ><div class='flex_cell_inner'><\/div><\/div>\n<style type=\"text\/css\" data-created_by=\"avia_inline_auto\" id=\"style-css-av-ks7cfss7-1fa396a4d4bdb510af864c06eda190c7\">\n.flex_cell.av-ks7cfss7-1fa396a4d4bdb510af864c06eda190c7{\nvertical-align:middle;\nheight:350px;\nmin-height:350px;\nbackground-color:#000000;\n}\n.responsive #top #wrap_all .flex_cell.av-ks7cfss7-1fa396a4d4bdb510af864c06eda190c7{\npadding:200px 0px 200px 0px !important;\n}\n<\/style>\n<div class='flex_cell av-ks7cfss7-1fa396a4d4bdb510af864c06eda190c7 av-gridrow-cell av_one_half no_margin  avia-builder-el-10  el_after_av_cell_one_half  avia-builder-el-last  rz-text-rechts content-align-middle'  ><div class='flex_cell_inner'>\n<style type=\"text\/css\" data-created_by=\"avia_inline_auto\" id=\"style-css-av-kyylkf0c-7344e13ba1ec82c181f146d3052882a5\">\n.iconbox.av-kyylkf0c-7344e13ba1ec82c181f146d3052882a5 .iconbox_icon{\nbackground-color:#cca43c;\nborder:1px solid #cca43c;\ncolor:#000000;\n}\n.iconbox.av-kyylkf0c-7344e13ba1ec82c181f146d3052882a5 .iconbox_icon.avia-svg-icon svg:first-child{\nfill:#000000;\nstroke:#000000;\n}\n#top #wrap_all .iconbox.av-kyylkf0c-7344e13ba1ec82c181f146d3052882a5 .iconbox_content_title{\nfont-size:28px;\ncolor:#000000;\n}\n.iconbox.av-kyylkf0c-7344e13ba1ec82c181f146d3052882a5 .iconbox_content_container{\ncolor:#000000;\n}\n<\/style>\n<article  class='iconbox iconbox_top av-kyylkf0c-7344e13ba1ec82c181f146d3052882a5  avia-builder-el-11  avia-builder-el-no-sibling  main_color'  itemscope=\"itemscope\" itemtype=\"https:\/\/schema.org\/CreativeWork\" ><div class=\"iconbox_content\"><header class=\"entry-content-header\" aria-label=\"Icon: Our vision\"><div class='iconbox_icon heading-color avia-iconfont avia-font-entypo-fontello' data-av_icon='\ue808' data-av_iconfont='entypo-fontello'  ><\/div><h3 class='iconbox_content_title '  itemprop=\"headline\" >Our vision<\/h3><\/header><div class='iconbox_content_container av_inherit_color'  itemprop=\"text\" ><p>is to develop and realise special ideas with our good eye for innovative solutions &#8211; with a lot of passion and the highest quality standards.<\/p>\n<\/div><\/div><footer class=\"entry-footer\"><\/footer><\/article>\n<\/div><\/div>\n<\/div><\/p>\n<div id='stellenangebote'  class='avia-section av-567edw-7e1f0f9702a911428f553501327d3ab2 main_color avia-section-default avia-no-border-styling  avia-builder-el-12  el_after_av_layout_row  el_before_av_section  av-desktop-hide av-medium-hide av-small-hide av-mini-hide avia-bg-style-scroll container_wrap sidebar_right'  ><div class='container av-section-cont-open' ><div class='template-page content  av-content-small alpha units'><div class='post-entry post-entry-type-page post-entry-4833'><div class='entry-content-wrapper clearfix'>\n\n<style type=\"text\/css\" data-created_by=\"avia_inline_auto\" id=\"style-css-av-kyylle03-6eee700092cfa8b2b9d141f104b55b63\">\n#top .av-special-heading.av-kyylle03-6eee700092cfa8b2b9d141f104b55b63{\npadding-bottom:40px;\n}\nbody .av-special-heading.av-kyylle03-6eee700092cfa8b2b9d141f104b55b63 .av-special-heading-tag .heading-char{\nfont-size:25px;\n}\n.av-special-heading.av-kyylle03-6eee700092cfa8b2b9d141f104b55b63 .av-subheading{\nfont-size:15px;\n}\n<\/style>\n<div  class='av-special-heading av-kyylle03-6eee700092cfa8b2b9d141f104b55b63 av-special-heading-h2 blockquote modern-quote modern-centered  avia-builder-el-13  el_before_av_one_half  avia-builder-el-first '><h2 class='av-special-heading-tag '  itemprop=\"headline\"  >Willkommen an Bord<\/h2><div class=\"special-heading-border\"><div class=\"special-heading-inner-border\"><\/div><\/div><\/div>\n\n<style type=\"text\/css\" data-created_by=\"avia_inline_auto\" id=\"style-css-av-3q042c-71f013fd083f69ca09074fee8804fa43\">\n.flex_column.av-3q042c-71f013fd083f69ca09074fee8804fa43{\nborder-radius:0px 0px 0px 0px;\npadding:0px 0px 0px 0px;\n}\n<\/style>\n<div  class='flex_column av-3q042c-71f013fd083f69ca09074fee8804fa43 av_one_half  avia-builder-el-14  el_after_av_heading  el_before_av_one_half  first av-break-at-tablet flex_column_div av-zero-column-padding  '     ><style type=\"text\/css\" data-created_by=\"avia_inline_auto\" id=\"style-css-av-kyyllsxt-f6901ef510c77ccea4fb737522ca76b5\">\n#top .av_textblock_section.av-kyyllsxt-f6901ef510c77ccea4fb737522ca76b5 .avia_textblock{\ncolor:#000000;\n}\n<\/style>\n<section  class='av_textblock_section av-kyyllsxt-f6901ef510c77ccea4fb737522ca76b5 '   itemscope=\"itemscope\" itemtype=\"https:\/\/schema.org\/CreativeWork\" ><div class='avia_textblock av_inherit_color'  itemprop=\"text\" ><p>Nach unserem erfolgreichen Start stocken wir unser Team kontinuierlich auf. Wir sind deshalb laufend auf der Suche nach neuen Kolleginnen und Kollegen, die Spa\u00df an unserer Idee haben und das Unternehmen mit uns gemeinsam weiter voranbringen wollen. Unser Gesch\u00e4ftsf\u00fchrer Carsten-M. Sch\u00fcnemann freut sich \u00fcber deine Bewerbung \u2013 sei sie initiativ oder auf ein Stellenangebot bezogen.<\/p>\n<p>Bitte schicke deine aussagef\u00e4higen Bewerbungsunterlagen (Anschreiben, Lebenslauf und Zeugnisse) unter Angabe deiner Gehaltsvorstellung und deines fr\u00fchesten Eintrittstermins per E-Mail an <a href=\"mailto:kontakt@arwinger.de\">kontakt@arwinger.de<\/a><\/p>\n<\/div><\/section><\/div>\n<style type=\"text\/css\" data-created_by=\"avia_inline_auto\" id=\"style-css-av-2pz690-fef48a7d65dbba4492c3da2fd403791a\">\n.flex_column.av-2pz690-fef48a7d65dbba4492c3da2fd403791a{\nborder-radius:0px 0px 0px 0px;\npadding:0px 0px 0px 0px;\n}\n<\/style>\n<div  class='flex_column av-2pz690-fef48a7d65dbba4492c3da2fd403791a av_one_half  avia-builder-el-16  el_after_av_one_half  avia-builder-el-last  av-break-at-tablet flex_column_div av-zero-column-padding  '     ><p>\n<style type=\"text\/css\" data-created_by=\"avia_inline_auto\" id=\"style-css-av-kyylnbvk-f2031164a429e4075eb17f5f9ad5f10a\">\n#top .av-special-heading.av-kyylnbvk-f2031164a429e4075eb17f5f9ad5f10a{\nmargin:15px 0 0 0;\npadding-bottom:28px;\n}\nbody .av-special-heading.av-kyylnbvk-f2031164a429e4075eb17f5f9ad5f10a .av-special-heading-tag .heading-char{\nfont-size:25px;\n}\n.av-special-heading.av-kyylnbvk-f2031164a429e4075eb17f5f9ad5f10a .av-subheading{\nfont-size:15px;\n}\n<\/style>\n<div  class='av-special-heading av-kyylnbvk-f2031164a429e4075eb17f5f9ad5f10a av-special-heading-h3 blockquote modern-quote  avia-builder-el-17  el_before_av_textblock  avia-builder-el-first '><h3 class='av-special-heading-tag '  itemprop=\"headline\"  >Stellenangebote<\/h3><div class=\"special-heading-border\"><div class=\"special-heading-inner-border\"><\/div><\/div><\/div><br \/>\n\n<style type=\"text\/css\" data-created_by=\"avia_inline_auto\" id=\"style-css-av-kyylogkv-efde63c4ee79857b03191b79d475c52c\">\n#top .av_textblock_section.av-kyylogkv-efde63c4ee79857b03191b79d475c52c .avia_textblock{\ncolor:#000000;\n}\n<\/style>\n<section  class='av_textblock_section av-kyylogkv-efde63c4ee79857b03191b79d475c52c '   itemscope=\"itemscope\" itemtype=\"https:\/\/schema.org\/CreativeWork\" ><div class='avia_textblock av_inherit_color'  itemprop=\"text\" ><p><a href=\"http:\/\/arw.typke-it.de\/Downloads\/Arwinger-Stellenanzeige-Mechatroniker.pdf\" target=\"_blank\" rel=\"noopener\">Mechatroniker (m\/w\/d)<\/a><\/p>\n<p><a href=\"http:\/\/arw.typke-it.de\/Downloads\/Arwinger-Stellenanzeige-Tischler.pdf\" target=\"_blank\" rel=\"noopener\">Tischler (m\/w\/d)<\/a><\/p>\n<p><a href=\"http:\/\/arw.typke-it.de\/Downloads\/Arwinger-Stellenanzeige-Fertigungsmitarbeiter.pdf\" target=\"_blank\" rel=\"noopener\">Fertigungsmitarbeiter (m\/w\/d)<\/a><\/p>\n<\/div><\/section><\/p><\/div>\n\n<\/div><\/div><\/div><!-- close content main div --><\/div><\/div>\n<style type=\"text\/css\" data-created_by=\"avia_inline_auto\" id=\"style-css-av-l8lshae2-dac12a8502a502768be539710e81732b\">\n.avia-section.av-l8lshae2-dac12a8502a502768be539710e81732b .av-parallax .av-parallax-inner{\nbackground-repeat:no-repeat;\nbackground-image:url(https:\/\/arw.typke-it.de\/wp-content\/uploads\/2022\/09\/masonry2-6.jpg);\nbackground-position:50% 50%;\nbackground-attachment:scroll;\n}\n<\/style>\n<div id='av_section_3'  class='avia-section av-l8lshae2-dac12a8502a502768be539710e81732b main_color avia-section-default avia-no-border-styling  avia-builder-el-19  el_after_av_section  el_before_av_section  av-small-hide av-mini-hide avia-full-stretch av-parallax-section avia-bg-style-parallax av-minimum-height av-minimum-height-custom av-height-custom  container_wrap sidebar_right'  data-section-bg-repeat='stretch' data-av_minimum_height_px='500'><div class='av-parallax' data-avia-parallax-ratio='0.3' ><div class='av-parallax-inner main_color avia-full-stretch'><\/div><\/div><div class='container av-section-cont-open' style='height:500px'><div class='template-page content  av-content-small alpha units'><div class='post-entry post-entry-type-page post-entry-4833'><div class='entry-content-wrapper clearfix'>\n<\/div><\/div><\/div><!-- close content main div --><\/div><\/div>\n<style type=\"text\/css\" data-created_by=\"avia_inline_auto\" id=\"style-css-av-b3j0fo-eaaa5edd9a262d5ea4f5f12a24b458fd\">\n.avia-section.av-b3j0fo-eaaa5edd9a262d5ea4f5f12a24b458fd{\nbackground-color:#000000;\nbackground-image:unset;\n}\n<\/style>\n<div id='av_section_4'  class='avia-section av-b3j0fo-eaaa5edd9a262d5ea4f5f12a24b458fd main_color avia-section-small avia-no-border-styling  avia-builder-el-20  el_after_av_section  avia-builder-el-last  av-desktop-hide av-medium-hide av-small-hide av-mini-hide avia-bg-style-scroll container_wrap sidebar_right'  ><div class='container av-section-cont-open' ><div class='template-page content  av-content-small alpha units'><div class='post-entry post-entry-type-page post-entry-4833'><div class='entry-content-wrapper clearfix'>\n\n<style type=\"text\/css\" data-created_by=\"avia_inline_auto\" id=\"style-css-av-8ysvpg-a13bc0765a62b090a357a17350bdd8e4\">\n#top .flex_column.av-8ysvpg-a13bc0765a62b090a357a17350bdd8e4{\nmargin-top:0px;\nmargin-bottom:0px;\n}\n.flex_column.av-8ysvpg-a13bc0765a62b090a357a17350bdd8e4{\nborder-radius:0px 0px 0px 0px;\npadding:50px 0 0 0;\nbackground-color:#000000;\n}\n.responsive #top #wrap_all .flex_column.av-8ysvpg-a13bc0765a62b090a357a17350bdd8e4{\nmargin-top:0px;\nmargin-bottom:0px;\n}\n<\/style>\n<div  class='flex_column av-8ysvpg-a13bc0765a62b090a357a17350bdd8e4 av_two_fifth  avia-builder-el-21  el_before_av_two_fifth  avia-builder-el-first  first no_margin flex_column_div av-animated-generic left-to-right  '     ><p>\n<style type=\"text\/css\" data-created_by=\"avia_inline_auto\" id=\"style-css-av-86yfqs-9cc8cc16ef046f08145342d2e8ba77ad\">\n#top .av-special-heading.av-86yfqs-9cc8cc16ef046f08145342d2e8ba77ad{\npadding-bottom:20px;\ncolor:#cca43c;\n}\nbody .av-special-heading.av-86yfqs-9cc8cc16ef046f08145342d2e8ba77ad .av-special-heading-tag .heading-char{\nfont-size:25px;\n}\n.av-special-heading.av-86yfqs-9cc8cc16ef046f08145342d2e8ba77ad .special-heading-inner-border{\nborder-color:#cca43c;\n}\n.av-special-heading.av-86yfqs-9cc8cc16ef046f08145342d2e8ba77ad .av-subheading{\nfont-size:15px;\n}\n<\/style>\n<div  class='av-special-heading av-86yfqs-9cc8cc16ef046f08145342d2e8ba77ad av-special-heading-h3 custom-color-heading blockquote modern-quote  avia-builder-el-22  el_before_av_textblock  avia-builder-el-first '><h3 class='av-special-heading-tag '  itemprop=\"headline\"  >Die Arwinger &#8211; das H\u00f6rspiel<\/h3><div class=\"special-heading-border\"><div class=\"special-heading-inner-border\"><\/div><\/div><\/div><br \/>\n\n<style type=\"text\/css\" data-created_by=\"avia_inline_auto\" id=\"style-css-av-6gaclw-2926e3adb034c918325a098ee1d2bd2a\">\n#top .av_textblock_section.av-6gaclw-2926e3adb034c918325a098ee1d2bd2a .avia_textblock{\ncolor:#cca43c;\n}\n<\/style>\n<section  class='av_textblock_section av-6gaclw-2926e3adb034c918325a098ee1d2bd2a '   itemscope=\"itemscope\" itemtype=\"https:\/\/schema.org\/CreativeWork\" ><div class='avia_textblock av_inherit_color'  itemprop=\"text\" ><p style=\"margin: 0cm;\"><span style=\"font-size: 11.0pt; font-family: 'Arial',sans-serif;\">Spannende Unterhaltung f\u00fcr Camper und andere Abenteuerlustige gibt es hier: <\/span><a href=\"https:\/\/www.die-arwinger.de\"><span style=\"font-size: 11.0pt; font-family: 'Arial',sans-serif;\">Die Arwinger \u2013 ein historisches Piraten-Abendeuer-H\u00f6rspiel<\/span><\/a><\/p>\n<\/div><\/section><\/p><\/div>\n<style type=\"text\/css\" data-created_by=\"avia_inline_auto\" id=\"style-css-av-3pzoms-13f5ca6c1e3a2ed700ba50b67e473e00\">\n#top .flex_column.av-3pzoms-13f5ca6c1e3a2ed700ba50b67e473e00{\nmargin-top:0px;\nmargin-bottom:0px;\n}\n.flex_column.av-3pzoms-13f5ca6c1e3a2ed700ba50b67e473e00{\nborder-radius:0px 0px 0px 0px;\npadding:50px 50px 50px 50px;\nbackground-color:#000000;\n}\n.responsive #top #wrap_all .flex_column.av-3pzoms-13f5ca6c1e3a2ed700ba50b67e473e00{\nmargin-top:0px;\nmargin-bottom:0px;\n}\n<\/style>\n<div  class='flex_column av-3pzoms-13f5ca6c1e3a2ed700ba50b67e473e00 av_two_fifth  avia-builder-el-24  el_after_av_two_fifth  avia-builder-el-last  no_margin flex_column_div av-animated-generic left-to-right  '     ><style type=\"text\/css\" data-created_by=\"avia_inline_auto\" id=\"style-css-av-2qw6is-b4f7a3af1abcc6d8e8c7022e86571aa8\">\n.avia-image-container.av-2qw6is-b4f7a3af1abcc6d8e8c7022e86571aa8 img.avia_image{\nbox-shadow:none;\n}\n.avia-image-container.av-2qw6is-b4f7a3af1abcc6d8e8c7022e86571aa8 .av-image-caption-overlay-center{\ncolor:#ffffff;\n}\n<\/style>\n<div  class='avia-image-container av-2qw6is-b4f7a3af1abcc6d8e8c7022e86571aa8 av-styling- avia_animated_image av-animated-when-visible-95 right-to-left avia-align-center  avia-builder-el-25  avia-builder-el-no-sibling '   itemprop=\"image\" itemscope=\"itemscope\" itemtype=\"https:\/\/schema.org\/ImageObject\" ><div class=\"avia-image-container-inner\"><div class=\"avia-image-overlay-wrap\"><img decoding=\"async\" fetchpriority=\"high\" class='wp-image-4578 avia-img-lazy-loading-not-4578 avia_image ' src=\"https:\/\/arw.typke-it.de\/wp-content\/uploads\/2021\/04\/arw-sammelbox-frei-300x147.png\" alt='' title='arw-sammelbox-frei'  height=\"147\" width=\"300\"  itemprop=\"thumbnailUrl\" srcset=\"https:\/\/arw.typke-it.de\/wp-content\/uploads\/2021\/04\/arw-sammelbox-frei-300x147.png 300w, https:\/\/arw.typke-it.de\/wp-content\/uploads\/2021\/04\/arw-sammelbox-frei-768x376.png 768w, https:\/\/arw.typke-it.de\/wp-content\/uploads\/2021\/04\/arw-sammelbox-frei-705x345.png 705w, https:\/\/arw.typke-it.de\/wp-content\/uploads\/2021\/04\/arw-sammelbox-frei.png 800w\" sizes=\"(max-width: 300px) 100vw, 300px\" \/><\/div><\/div><\/div><\/div>\n<\/div><\/div><\/div><!-- close content main div --><\/div><\/div><div id='after_section_4'  class='main_color av_default_container_wrap container_wrap sidebar_right'  ><div class='container av-section-cont-open' ><div class='template-page content  av-content-small alpha units'><div class='post-entry post-entry-type-page post-entry-4833'><div class='entry-content-wrapper clearfix'>\n","protected":false},"excerpt":{"rendered":"","protected":false},"author":2,"featured_media":0,"parent":0,"menu_order":0,"comment_status":"open","ping_status":"closed","template":"","meta":{"footnotes":""},"class_list":["post-4833","page","type-page","status-publish","hentry"],"_links":{"self":[{"href":"https:\/\/arw.typke-it.de\/en\/wp-json\/wp\/v2\/pages\/4833","targetHints":{"allow":["GET"]}}],"collection":[{"href":"https:\/\/arw.typke-it.de\/en\/wp-json\/wp\/v2\/pages"}],"about":[{"href":"https:\/\/arw.typke-it.de\/en\/wp-json\/wp\/v2\/types\/page"}],"author":[{"embeddable":true,"href":"https:\/\/arw.typke-it.de\/en\/wp-json\/wp\/v2\/users\/2"}],"replies":[{"embeddable":true,"href":"https:\/\/arw.typke-it.de\/en\/wp-json\/wp\/v2\/comments?post=4833"}],"version-history":[{"count":10,"href":"https:\/\/arw.typke-it.de\/en\/wp-json\/wp\/v2\/pages\/4833\/revisions"}],"predecessor-version":[{"id":8187,"href":"https:\/\/arw.typke-it.de\/en\/wp-json\/wp\/v2\/pages\/4833\/revisions\/8187"}],"wp:attachment":[{"href":"https:\/\/arw.typke-it.de\/en\/wp-json\/wp\/v2\/media?parent=4833"}],"curies":[{"name":"wp","href":"https:\/\/api.w.org\/{rel}","templated":true}]}}